{"id":183,"date":"2021-01-31T17:45:28","date_gmt":"2021-01-31T17:45:28","guid":{"rendered":"https:\/\/sklep.gramaway.pl\/?post_type=product&#038;p=183"},"modified":"2021-11-29T01:55:34","modified_gmt":"2021-11-29T01:55:34","slug":"clothes-gra-domino","status":"publish","type":"product","link":"https:\/\/sklep.gramaway.pl\/?product=clothes-gra-domino","title":{"rendered":"Clothes &#8211; gra domino"},"content":{"rendered":"<p>[et_pb_section fb_built=&#8221;1&#8243; _builder_version=&#8221;3.22&#8243; custom_padding=&#8221;0px||||false|false&#8221;][et_pb_row _builder_version=&#8221;3.25&#8243; background_size=&#8221;initial&#8221; background_position=&#8221;top_left&#8221; background_repeat=&#8221;repeat&#8221; width=&#8221;100%&#8221; custom_padding=&#8221;0px||0px||false|false&#8221;][et_pb_column type=&#8221;4_4&#8243; _builder_version=&#8221;3.25&#8243; custom_padding=&#8221;|||&#8221; custom_padding__hover=&#8221;|||&#8221;][et_pb_wc_breadcrumb _builder_version=&#8221;3.0.47&#8243;][\/et_pb_wc_breadcrumb][et_pb_wc_cart_notice _builder_version=&#8221;3.0.47&#8243;][\/et_pb_wc_cart_notice][\/et_pb_column][\/et_pb_row][et_pb_row column_structure=&#8221;1_2,1_2&#8243; _builder_version=&#8221;3.25&#8243; background_size=&#8221;initial&#8221; background_position=&#8221;top_left&#8221; background_repeat=&#8221;repeat&#8221; width=&#8221;100%&#8221; custom_padding=&#8221;0px||||false|false&#8221;][et_pb_column type=&#8221;1_2&#8243; _builder_version=&#8221;3.25&#8243; custom_padding=&#8221;|||&#8221; custom_padding__hover=&#8221;|||&#8221;][et_pb_wc_images _builder_version=&#8221;3.0.47&#8243;][\/et_pb_wc_images][\/et_pb_column][et_pb_column type=&#8221;1_2&#8243; _builder_version=&#8221;3.25&#8243; custom_padding=&#8221;|||&#8221; custom_padding__hover=&#8221;|||&#8221;][et_pb_wc_title _builder_version=&#8221;3.0.47&#8243;][\/et_pb_wc_title][et_pb_wc_rating _builder_version=&#8221;3.0.47&#8243;][\/et_pb_wc_rating][et_pb_wc_price _builder_version=&#8221;4.0.7&#8243;][\/et_pb_wc_price][et_pb_wc_description _builder_version=&#8221;4.8.2&#8243; text_orientation=&#8221;justified&#8221;][\/et_pb_wc_description][et_pb_wc_add_to_cart _builder_version=&#8221;3.0.47&#8243;][\/et_pb_wc_add_to_cart][et_pb_wc_meta show_sku=&#8221;off&#8221; show_categories=&#8221;off&#8221; show_tags=&#8221;off&#8221; admin_label=&#8221;Woo Meta&#8221; _builder_version=&#8221;4.0.7&#8243;][\/et_pb_wc_meta][\/et_pb_column][\/et_pb_row][et_pb_row _builder_version=&#8221;3.25&#8243; background_size=&#8221;initial&#8221; background_position=&#8221;top_left&#8221; background_repeat=&#8221;repeat&#8221; width=&#8221;100%&#8221;][et_pb_column type=&#8221;4_4&#8243; _builder_version=&#8221;3.25&#8243; custom_padding=&#8221;|||&#8221; custom_padding__hover=&#8221;|||&#8221;][et_pb_wc_tabs _builder_version=&#8221;3.0.47&#8243;]\t\t\t\t\t[\/et_pb_wc_tabs][et_pb_wc_upsells _builder_version=&#8221;3.0.47&#8243;][\/et_pb_wc_upsells][et_pb_wc_related_products _builder_version=&#8221;3.0.47&#8243;][\/et_pb_wc_related_products][\/et_pb_column][\/et_pb_row][\/et_pb_section]<\/p>\n","protected":false},"excerpt":{"rendered":"<p>Ile razy patrz\u0105c na swoje dziecko przechodz\u0105ce kolejny level, niszcz\u0105ce kolejnych wrog\u00f3w i zdobywaj\u0105ce kolejne \u017cycia, zastanawia\u0142e\u015b si\u0119 czy oderwanie go od komputera to misja z g\u00f3ry skazana na niepowodzenie? Rozrywki w czasach Twojej m\u0142odo\u015bci wygl\u0105da\u0142y inaczej? Wspominasz je z \u0142z\u0105 w oku? Chcia\u0142by\u015b pokaza\u0107 je swoim latoro\u015blom i nie otrzyma\u0107 jednocze\u015bnie tytu\u0142u zgreda roku?<\/p>\n<p>Po\u0142\u0105cz wsp\u00f3\u0142czesne potrzeby m\u0142odego pokolenia z klasycznym i sprawdzonym przez wiele generacji modelem zabawy! Zagraj ze swoimi dzie\u0107mi w Domino\u2026 po angielsku!<\/p>\n<p>Przywr\u00f3\u0107 swoje najlepsze wspomnienia i stw\u00f3rz z nich chwile, kt\u00f3re z r\u00f3wnym sentymentem wspomina\u0107 b\u0119d\u0105 Twoje dzieci!<br \/>\nDaj sobie i swoim pociechom szans\u0119 na fantastyczn\u0105 zabaw\u0119 po\u0142\u0105czon\u0105 z przyjemn\u0105 i bezstresow\u0105 nauk\u0105 j\u0119zyka angielskiego, dzi\u0119ki ulepszonej wersji kultowej gry wszech czas\u00f3w \u2013 DOMINO!<\/p>\n<p>Poka\u017c jak mo\u017cna uczy\u0107 si\u0119 z przyjemno\u015bci\u0105!<br \/>\nGraj\u0105c w to odmienione domino uczestnicy b\u0119d\u0105 mieli za zadanie \u0142\u0105czy\u0107 w pary nie kropki, tak jak by\u0142o do tej pory, a obrazki i s\u0142\u00f3wka w j\u0119zyku angielskim. Gra sprawi, \u017ce ka\u017cde dziecko w szybkim tempie zapami\u0119ta wiele angielskich s\u0142\u00f3wek i zwrot\u00f3w, po\u0107wiczy pami\u0119\u0107 i nie b\u0119dzie si\u0119 nudzi\u0107.<\/p>\n","protected":false},"featured_media":195,"template":"","meta":{"_et_pb_use_builder":"on","_et_pb_old_content":"Gra zawiera:\r\n- zamykane drewniane pude\u0142ko o wymiarach 12x14x8cm,\r\n- bawe\u0142niany woreczek na przechowywanie element\u00f3w domino,\r\n- 35 element\u00f3w o wymiarach 7x3,5 cm,\r\n- ulotk\u0119 z instrukcj\u0105.\r\n\r\nPrzyk\u0142adowe s\u0142owa z domina: dress, trousers, hat, skirt, jumper, ring, necklace, trainers, shirt, watch.\r\n\r\nGra nie jest przeznaczona dla dzieci poni\u017cej 3 roku \u017cycia.\r\n\r\nWygl\u0105d pude\u0142ka i woreczka mo\u017ce si\u0119 nieznacznie r\u00f3\u017cni\u0107 odcieniem i kolorem sznurka, poniewa\u017c jest to manufaktura.","_et_gb_content_width":""},"product_cat":[21],"product_tag":[],"_links":{"self":[{"href":"https:\/\/sklep.gramaway.pl\/index.php?rest_route=\/wp\/v2\/product\/183"}],"collection":[{"href":"https:\/\/sklep.gramaway.pl\/index.php?rest_route=\/wp\/v2\/product"}],"about":[{"href":"https:\/\/sklep.gramaway.pl\/index.php?rest_route=\/wp\/v2\/types\/product"}],"wp:featuredmedia":[{"embeddable":true,"href":"https:\/\/sklep.gramaway.pl\/index.php?rest_route=\/wp\/v2\/media\/195"}],"wp:attachment":[{"href":"https:\/\/sklep.gramaway.pl\/index.php?rest_route=%2Fwp%2Fv2%2Fmedia&parent=183"}],"wp:term":[{"taxonomy":"product_cat","embeddable":true,"href":"https:\/\/sklep.gramaway.pl\/index.php?rest_route=%2Fwp%2Fv2%2Fproduct_cat&post=183"},{"taxonomy":"product_tag","embeddable":true,"href":"https:\/\/sklep.gramaway.pl\/index.php?rest_route=%2Fwp%2Fv2%2Fproduct_tag&post=183"}],"curies":[{"name":"wp","href":"https:\/\/api.w.org\/{rel}","templated":true}]}}