{"id":173,"date":"2021-01-31T17:28:19","date_gmt":"2021-01-31T17:28:19","guid":{"rendered":"https:\/\/sklep.gramaway.pl\/?post_type=product&#038;p=173"},"modified":"2021-11-29T01:55:34","modified_gmt":"2021-11-29T01:55:34","slug":"clothes-materialy-pdf","status":"publish","type":"product","link":"https:\/\/sklep.gramaway.pl\/?product=clothes-materialy-pdf","title":{"rendered":"Clothes &#8211; materia\u0142y PDF"},"content":{"rendered":"<p>[et_pb_section fb_built=&#8221;1&#8243; _builder_version=&#8221;3.22&#8243; custom_padding=&#8221;0px||||false|false&#8221;][et_pb_row _builder_version=&#8221;3.25&#8243; background_size=&#8221;initial&#8221; background_position=&#8221;top_left&#8221; background_repeat=&#8221;repeat&#8221; width=&#8221;100%&#8221; custom_padding=&#8221;0px||0px||false|false&#8221;][et_pb_column type=&#8221;4_4&#8243; _builder_version=&#8221;3.25&#8243; custom_padding=&#8221;|||&#8221; custom_padding__hover=&#8221;|||&#8221;][et_pb_wc_breadcrumb _builder_version=&#8221;3.0.47&#8243;][\/et_pb_wc_breadcrumb][et_pb_wc_cart_notice _builder_version=&#8221;3.0.47&#8243;][\/et_pb_wc_cart_notice][\/et_pb_column][\/et_pb_row][et_pb_row column_structure=&#8221;1_2,1_2&#8243; _builder_version=&#8221;3.25&#8243; background_size=&#8221;initial&#8221; background_position=&#8221;top_left&#8221; background_repeat=&#8221;repeat&#8221; width=&#8221;100%&#8221; custom_padding=&#8221;0px||||false|false&#8221;][et_pb_column type=&#8221;1_2&#8243; _builder_version=&#8221;3.25&#8243; custom_padding=&#8221;|||&#8221; custom_padding__hover=&#8221;|||&#8221;][et_pb_wc_images admin_label=&#8221;Woo Images&#8221; _builder_version=&#8221;4.8.2&#8243;][\/et_pb_wc_images][\/et_pb_column][et_pb_column type=&#8221;1_2&#8243; _builder_version=&#8221;3.25&#8243; custom_padding=&#8221;|||&#8221; custom_padding__hover=&#8221;|||&#8221;][et_pb_wc_title _builder_version=&#8221;3.0.47&#8243;][\/et_pb_wc_title][et_pb_wc_rating _builder_version=&#8221;3.0.47&#8243;][\/et_pb_wc_rating][et_pb_wc_price _builder_version=&#8221;4.0.7&#8243;][\/et_pb_wc_price][et_pb_wc_description _builder_version=&#8221;4.8.2&#8243; text_orientation=&#8221;justified&#8221;][\/et_pb_wc_description][et_pb_wc_add_to_cart _builder_version=&#8221;3.0.47&#8243;][\/et_pb_wc_add_to_cart][et_pb_wc_meta show_sku=&#8221;off&#8221; show_categories=&#8221;off&#8221; show_tags=&#8221;off&#8221; admin_label=&#8221;Woo Meta&#8221; _builder_version=&#8221;4.0.7&#8243;][\/et_pb_wc_meta][\/et_pb_column][\/et_pb_row][et_pb_row _builder_version=&#8221;3.25&#8243; background_size=&#8221;initial&#8221; background_position=&#8221;top_left&#8221; background_repeat=&#8221;repeat&#8221; width=&#8221;100%&#8221;][et_pb_column type=&#8221;4_4&#8243; _builder_version=&#8221;3.25&#8243; custom_padding=&#8221;|||&#8221; custom_padding__hover=&#8221;|||&#8221;][et_pb_wc_tabs _builder_version=&#8221;3.0.47&#8243;]\t\t\t\t\t[\/et_pb_wc_tabs][et_pb_wc_upsells _builder_version=&#8221;3.0.47&#8243;][\/et_pb_wc_upsells][et_pb_wc_related_products _builder_version=&#8221;3.0.47&#8243;][\/et_pb_wc_related_products][\/et_pb_column][\/et_pb_row][\/et_pb_section]<\/p>\n","protected":false},"excerpt":{"rendered":"<p>Clothes &#8211; ubrania<\/p>\n<p>Materia\u0142y do nauki i powt\u00f3rek s\u0142ownictwa w kreatywny spos\u00f3b w formie PDF.<br \/>\nJedyne takie materia\u0142y dopasowane do uczni\u00f3w klas 4-6.<\/p>\n<p>Przed Wami doskona\u0142y zestaw \u0107wicze\u0144 do nauki i powt\u00f3rki ponad 30 s\u0142\u00f3wek zwi\u0105zanych z ubraniami i akcesoriami w j\u0119zyku angielskim! Zapewni on zabaw\u0119 na co najmniej p\u00f3\u0142 godziny!<\/p>\n<p>Materia\u0142y otrzymacie w formie PDF. Mo\u017cecie je drukowa\u0107 dowoln\u0105 ilo\u015b\u0107 razy &#8211; przed kartk\u00f3wk\u0105, sprawdzianem, a mo\u017ce po prostu jako fajna gra w wolnym czasie?<\/p>\n<p>Grafiki u\u017cyte w zadaniach zosta\u0142y stworzone przez uzdolnion\u0105 ilustratork\u0119, kt\u00f3ra doskonale zna estetyk\u0119 dzieci w wieku szkolnym. To sprawia, \u017ce dzieciaki ch\u0119tnie korzystaj\u0105 z takich materia\u0142\u00f3w. Dodatkowo dzi\u0119ki ilustracjom dzieci \u0142atwiej zapami\u0119tuj\u0105 s\u0142\u00f3wka i szybciej je kojarz\u0105.<\/p>\n<p>Przekonaj si\u0119, jak \u0142atwa mo\u017ce by\u0107 nauka z tego typu materia\u0142ami!<\/p>\n","protected":false},"featured_media":235,"template":"","meta":{"_et_pb_use_builder":"on","_et_pb_old_content":"Materia\u0142y w formie PDF zawieraj\u0105:\r\n- 4 wycinanki (dobranie obrazk\u00f3w do ich opis\u00f3w w j\u0119zyku angielskim),\r\n- krzy\u017c\u00f3wk\u0119 z 24 has\u0142ami,\r\n- domino do wyci\u0119cia sk\u0142adaj\u0105ce si\u0119 z 35 element\u00f3w,\r\n- s\u0142owniczek, kt\u00f3ry wska\u017ce prawid\u0142owe odpowiedzi.","_et_gb_content_width":""},"product_cat":[20],"product_tag":[],"_links":{"self":[{"href":"https:\/\/sklep.gramaway.pl\/index.php?rest_route=\/wp\/v2\/product\/173"}],"collection":[{"href":"https:\/\/sklep.gramaway.pl\/index.php?rest_route=\/wp\/v2\/product"}],"about":[{"href":"https:\/\/sklep.gramaway.pl\/index.php?rest_route=\/wp\/v2\/types\/product"}],"wp:featuredmedia":[{"embeddable":true,"href":"https:\/\/sklep.gramaway.pl\/index.php?rest_route=\/wp\/v2\/media\/235"}],"wp:attachment":[{"href":"https:\/\/sklep.gramaway.pl\/index.php?rest_route=%2Fwp%2Fv2%2Fmedia&parent=173"}],"wp:term":[{"taxonomy":"product_cat","embeddable":true,"href":"https:\/\/sklep.gramaway.pl\/index.php?rest_route=%2Fwp%2Fv2%2Fproduct_cat&post=173"},{"taxonomy":"product_tag","embeddable":true,"href":"https:\/\/sklep.gramaway.pl\/index.php?rest_route=%2Fwp%2Fv2%2Fproduct_tag&post=173"}],"curies":[{"name":"wp","href":"https:\/\/api.w.org\/{rel}","templated":true}]}}