{"id":3,"date":"2020-07-02T12:07:47","date_gmt":"2020-07-02T12:07:47","guid":{"rendered":"https:\/\/sklep.gramaway.pl\/?page_id=3"},"modified":"2021-01-19T22:20:53","modified_gmt":"2021-01-19T22:20:53","slug":"polityka-prywatnosci","status":"publish","type":"page","link":"https:\/\/sklep.gramaway.pl\/?page_id=3","title":{"rendered":"Polityka Prywatno\u015bci"},"content":{"rendered":"\n<p>Poni\u017cszy dokument&nbsp;okre\u015bla zasady przetwarzania danych osobowych oraz wykorzystywania plik\u00f3w cookies w zwi\u0105zku z korzystaniem ze stronie internetowej&nbsp;<a href=\"https:\/\/gramaway.pl\/\">https:\/\/gramaway.pl<\/a>, oraz jej domenach przyporz\u0105dkowanych:&nbsp;<a href=\"https:\/\/lm.gramaway.pl%2C\/\">https:\/\/lm.gramaway.pl,&nbsp;<\/a><a href=\"https:\/\/sklep.akademia.pl\/\">https:\/\/sklep.gramaway.pl<\/a>,<\/p>\n\n\n\n<p>Administratorem strony jest firma Budiremo Agnieszka Caban, 21-025 Niemce, Wola Niemiecka 78A, NIP: 713-297-09-11, REGON: 061688813<\/p>\n\n\n\n<p>W razie jakichkolwiek w\u0105tpliwo\u015bci zwi\u0105zanych z polityk\u0105 prywatno\u015bci, w ka\u017cdej chwili mo\u017cesz skontaktowa\u0107 si\u0119 z nami, wysy\u0142aj\u0105c wiadomo\u015b\u0107 na adres kontakt@gramaway.pl.<\/p>\n\n\n\n<p><strong>Skr\u00f3cona wersja \u2013 najwa\u017cniejsze informacje<\/strong><\/p>\n\n\n\n<p>Dbamy o Twoj\u0105 prywatno\u015b\u0107, ale r\u00f3wnie\u017c o Tw\u00f3j czas. Dlatego przygotowali\u015bmy dla Ciebie skr\u00f3con\u0105 wersj\u0119 najwa\u017cniejszych zasad zwi\u0105zanych z ochron\u0105 prywatno\u015bci.<\/p>\n\n\n\n<ul><li>Zak\u0142adaj\u0105c konto u\u017cytkownika za po\u015brednictwem strony, sk\u0142adaj\u0105c zam\u00f3wienie, wykupuj\u0105c subskrypcj\u0119, zapisuj\u0105c si\u0119 do newslettera, sk\u0142adaj\u0105c reklamacj\u0119, odst\u0119puj\u0105c od umowy czy po prostu kontaktuj\u0105c si\u0119 z nami, przekazujesz nam swoje dane osobowe, a my gwarantujemy Ci, \u017ce Twoje dane pozostan\u0105 poufne, bezpieczne i nie zostan\u0105 udost\u0119pnione jakimkolwiek podmiotom trzecim bez wyra\u017anej podstawy prawnej i uzasadnionej potrzeby.<\/li><li>Powierzamy przetwarzanie danych osobowych tylko sprawdzonym i zaufanym podmiotom \u015bwiadcz\u0105cym us\u0142ugi zwi\u0105zane z przetwarzaniem danych osobowych.<\/li><li>Korzystamy z narz\u0119dzi analitycznych np. Google Analytics, kt\u00f3re zbieraj\u0105 informacje na temat Twoich odwiedzin strony, takie jak podstrony, kt\u00f3re wy\u015bwietli\u0142e\u015b, czas, jaki sp\u0119dzi\u0142e\u015b na stronie czy przej\u015bcia pomi\u0119dzy poszczeg\u00f3lnymi podstronami. W tym celu wykorzystywane s\u0105 pliki cookies firmy Google LLC dotycz\u0105ce us\u0142ugi Google Analytics. W ramach mechanizmu do zarz\u0105dzania ustawieniami plik\u00f3w cookies masz mo\u017cliwo\u015b\u0107 zadecydowania, czy wyra\u017casz zgod\u0119 na korzystanie przez nas w Twoim przypadku z cookies analitycznych, czy nie.<\/li><li>Korzystamy z narz\u0119dzi marketingowych, takich jak Facebook Pixel, by kierowa\u0107 do Ciebie reklamy. Wi\u0105\u017ce si\u0119 to z wykorzystywaniem plik\u00f3w cookies firmy Facebook. W ramach ustawie\u0144 plik\u00f3w cookies mo\u017cesz zadecydowa\u0107, czy wyra\u017casz zgod\u0119 na korzystanie przez nas w Twoim przypadku z cookies marketingowych, czy nie.<\/li><li>Zapewniamy mo\u017cliwo\u015b\u0107 korzystania z funkcji spo\u0142eczno\u015bciowych, takich jak udost\u0119pnianie tre\u015bci w serwisach spo\u0142eczno\u015bciowych oraz subskrypcja profilu spo\u0142eczno\u015bciowego. Korzystanie z tych funkcji wi\u0105\u017ce si\u0119 z wykorzystywaniem plik\u00f3w cookies administrator\u00f3w serwis\u00f3w spo\u0142eczno\u015bciowych takich jak Facebook.<\/li><\/ul>\n\n\n\n<p>Je\u017celi powy\u017csze informacje nie s\u0105 dla Ciebie wystarczaj\u0105ce, poni\u017cej znajdziesz dalej id\u0105ce szczeg\u00f3\u0142y.<\/p>\n\n\n\n<p><strong>Dane osobowe<\/strong><\/p>\n\n\n\n<p><strong>Administratorem&nbsp;<\/strong>Twoich danych osobowych w rozumieniu przepis\u00f3w o ochronie danych osobowych jest firma&nbsp;Budiremo Agnieszka Caban, 21-025 Niemce, Wola Niemiecka 78A, NIP: 713-297-09-11, REGON: 061688813.<\/p>\n\n\n\n<p><strong>Cele, podstawy prawne oraz okres przetwarzania danych osobowych&nbsp;<\/strong>wskazane s\u0105 odr\u0119bnie w stosunku do ka\u017cdego celu przetwarzania danych (patrz: opis poszczeg\u00f3lnych cel\u00f3w przetwarzania danych osobowych poni\u017cej).<\/p>\n\n\n\n<p><strong>Uprawnienia<\/strong>. RODO przyznaje Ci nast\u0119puj\u0105ce potencjalne uprawnienia zwi\u0105zane z przetwarzaniem Twoich danych osobowych:<\/p>\n\n\n\n<ul><li>prawo dost\u0119pu do danych osobowych,<\/li><li>prawo do sprostowania danych osobowych,<\/li><li>prawo do usuni\u0119cia danych osobowych,<\/li><li>prawo do ograniczenia przetwarzania danych osobowych,<\/li><li>prawo do wniesienia sprzeciwu co do przetwarzania danych osobowych,<\/li><li>prawo do przenoszenia danych,<\/li><li>prawo do wniesienia skargi do organu nadzorczego,<\/li><li>prawo do odwo\u0142ania zgody na przetwarzanie danych osobowych, je\u017celi takow\u0105 zgod\u0119 wyrazi\u0142e\u015b.<\/li><\/ul>\n\n\n\n<p>Zasady zwi\u0105zane z realizacj\u0105 wskazanych uprawnie\u0144 zosta\u0142y opisane szczeg\u00f3\u0142owo w art. 16 \u2013 21 RODO. Zach\u0119camy do zapoznania si\u0119 z tymi przepisami. Ze swojej strony uwa\u017camy za potrzebne wyja\u015bni\u0107 Ci, \u017ce wskazane powy\u017cej uprawnienia nie s\u0105 bezwzgl\u0119dne i nie b\u0119d\u0105 przys\u0142ugiwa\u0107 Ci w stosunku do wszystkich czynno\u015bci przetwarzania Twoich danych osobowych. Dla Twojej wygody do\u0142o\u017cyli\u015bmy stara\u0144, by w ramach opisu poszczeg\u00f3lnych operacji przetwarzania danych osobowych wskaza\u0107 na przys\u0142uguj\u0105ce Ci w ramach tych operacji uprawnienia.<\/p>\n\n\n\n<p>Podkre\u015blamy, \u017ce jedno z uprawnie\u0144 wskazanych powy\u017cej przys\u0142uguje Ci zawsze \u2013 je\u017celi uznasz, \u017ce przy przetwarzaniu Twoich danych osobowych dopu\u015bcili\u015bmy si\u0119 naruszenia przepis\u00f3w o ochronie danych osobowych, masz mo\u017cliwo\u015b\u0107 wniesienia skargi do organu nadzorczego (Prezesa Urz\u0119du Ochrony Danych Osobowych).<\/p>\n\n\n\n<p>Zawsze mo\u017cesz r\u00f3wnie\u017c zwr\u00f3ci\u0107 si\u0119 do nas z \u017c\u0105daniem udost\u0119pnienia Ci informacji o tym, jakie dane na Tw\u00f3j temat posiadamy oraz w jakich celach je przetwarzamy. Wystarczy, \u017ce wy\u015blesz wiadomo\u015b\u0107 na adres kontakt@gramaway.pl. Do\u0142o\u017cyli\u015bmy jednak wszelkich stara\u0144, by interesuj\u0105ce Ci\u0119 informacje zosta\u0142y wyczerpuj\u0105co przedstawione w niniejszej polityce prywatno\u015bci. Podany powy\u017cej adres e-mail mo\u017cesz wykorzysta\u0107 r\u00f3wnie\u017c w razie jakichkolwiek pyta\u0144 zwi\u0105zanych z przetwarzaniem Twoich danych osobowych.<\/p>\n\n\n\n<p><strong>Bezpiecze\u0144stwo<\/strong>. Gwarantujemy Ci poufno\u015b\u0107 wszelkich przekazanych nam danych osobowych. Zapewniamy podj\u0119cie wszelkich \u015brodk\u00f3w bezpiecze\u0144stwa i ochrony danych osobowych wymaganych przez przepisy o ochronie danych osobowych. Dane osobowe s\u0105 gromadzone z nale\u017cyt\u0105 staranno\u015bci\u0105 i odpowiednio chronione przed dost\u0119pem do nich przez osoby do tego nieupowa\u017cnione.<\/p>\n\n\n\n<p><strong>Wykaz powierze\u0144<\/strong>. Powierzamy przetwarzanie danych osobowych nast\u0119puj\u0105cym podmiotom:<\/p>\n\n\n\n<p><strong>Mariola Jurak Biuro Rachunkowe EMTAX<\/strong><\/p>\n\n\n\n<ol><li>Zenbox sp. z o.o. z siedzib\u0105 w Cz\u0119stochowie, adres: ul. D\u0105browskiego 7 lokal 6, 42-202 Cz\u0119stochowa, NIP:\u00a09492191021\u00a0 \u2013 w celu przechowywania danych osobowych na serwerze,<\/li><li>TFB Group Sp\u00f3\u0142ka z ograniczon\u0105 odpowiedzialno\u015bci\u0105 z siedzib\u0105 w Krakowie (31-150 Krak\u00f3w, ul. \u015bw. Filipa 23\/4) KRS: 0000499144, NIP 6762474679, REGON 12304891600000, prowadz\u0105ca serwis pod adresem: funnelstar.io i getall.pl. \u2013 w celu korzystania z systemu mailingowego, w kt\u00f3rym przetwarzane s\u0105 Twoje dane, je\u017celi zapisa\u0142e\u015b si\u0119 do newslettera,<\/li><li>GetResponse, sp\u00f3\u0142ka z ograniczon\u0105 odpowiedzialno\u015bci\u0105 z siedzib\u0105 w Gda\u0144sku, przy ul. Arko\u0144skiej 6\/A3, 80-387 Gda\u0144sk, KRS 0000187388, NIP 9581468984\u00a0w celu korzystania z systemu mailingowego, w kt\u00f3rym przetwarzane s\u0105 Twoje dane, je\u017celi zapisa\u0142e\u015b si\u0119 do newslettera,<\/li><li>Fakturownia sp. z o. o. z siedzib\u0105 w Warszawie, ul. Juliana Smulikowskiego 6\/8, 00-389 Warszawa, KRS 0000572426, NIP PL5213704420\u00a0w celu korzystania z systemu do fakturowania, w kt\u00f3rym przetwarzane s\u0105 Twoje dane, je\u017celi wystawiamy dla Ciebie faktur\u0119,<\/li><li>Mariola Jurak Biuro Rachunkowe EMTAX, ul.\u00a0Wola Niemiecka 78A Niemce, NIP: 713-128-62-36 \u2013 w celu korzystania z us\u0142ug ksi\u0119gowych, kt\u00f3re wi\u0105\u017c\u0105 si\u0119 z przetwarzaniem Twoich danych wtedy, gdy wystawiamy dla Ciebie faktur\u0119,<\/li><li>Clickmeeting,\u00a0ClickMeeting Sp\u00f3\u0142ka z ograniczon\u0105 odpowiedzialno\u015bci\u0105 z siedzib\u0105 w Gda\u0144sku (kod: 80-387), przy ul. Arko\u0144skiej 6\/A4, KRS 0000604194, NIP 5842747535\u00a0\u2013 w celu realizacji webinar\u00f3w dla student\u00f3w,<\/li><li>PayPro Sp\u00f3\u0142ka Akcyjna\u00a0z siedzib\u0105 w Poznaniu przy ul. Kanclerskiej 15,\u00a060-327 Pozna\u0144, wpisan\u0105 do Rejestru Przedsi\u0119biorc\u00f3w Krajowego Rejestru S\u0105dowego prowadzonego przez S\u0105d Rejonowy Pozna\u0144 Nowe Miasto i Wilda, KRS 0000347935, numer NIP 779236988\u00a0\u2013 w celu realizacji p\u0142atno\u015bci, je\u015bli wybierzesz p\u0142atno\u015b\u0107 za pomoc\u0105 karty p\u0142atniczej,<\/li><\/ol>\n\n\n\n<p>Wszystkie podmioty, kt\u00f3rym powierzamy przetwarzanie danych osobowych gwarantuj\u0105 stosowanie odpowiednich \u015brodk\u00f3w ochrony i bezpiecze\u0144stwa danych osobowych wymaganych przez przepisy prawa.<\/p>\n\n\n\n<p><strong>Udost\u0119pnianie danych.<\/strong>&nbsp;Twoje dane udost\u0119pniamy (jako odr\u0119bnemu administratorowi danych) podmiotowi realizuj\u0105cemu p\u0142atno\u015bci online, jednak tylko w takim zakresie, w jakim jest to konieczne do obs\u0142ugi wp\u0142aty. Obecnie operatorem p\u0142atno\u015bci jest serwis dotpay.pl dostarczany przez&nbsp;PayPro Sp\u00f3\u0142ka Akcyjna&nbsp;z siedzib\u0105 w Poznaniu przy ul. Kanclerskiej 15,&nbsp;60-327 Pozna\u0144,<\/p>\n\n\n\n<p><strong>Przetwarzanie Twoich danych<\/strong><\/p>\n\n\n\n<p><strong>Zam\u00f3wienia<\/strong>. Sk\u0142adaj\u0105c zam\u00f3wienie, musisz poda\u0107 dane niezb\u0119dne do realizacji zam\u00f3wienia, tj. imi\u0119 i nazwisko, adres rozliczeniowy, adres e-mail. Podanie danych jest dobrowolne, ale niezb\u0119dne do z\u0142o\u017cenia zam\u00f3wienia.<\/p>\n\n\n\n<p>Dane przekazane nam w zwi\u0105zku z zam\u00f3wieniem, przetwarzane s\u0105 w celu realizacji zam\u00f3wienia (art. 6 ust. 1 lit. b RODO), wystawienia faktury (art. 6 ust. 1 lit. c RODO), uwzgl\u0119dnienia faktury w naszej dokumentacji ksi\u0119gowej (art. 6 ust. 1 lit. c RODO) oraz w celach archiwalnych i statystycznych (art. 6 ust. 1 lit. f RODO).<\/p>\n\n\n\n<p>Dane zawarte w zam\u00f3wieniu z\u0142o\u017conym za po\u015brednictwem sklepu przetwarzane s\u0105 w ramach systemu WordPress i przechowywane na serwerze zapewnianym przez zenbox sp. z o.o.<\/p>\n\n\n\n<p>Ka\u017cde zam\u00f3wienie dokumentowane jest faktur\u0105 lub innym dokumentem ksi\u0119gowym. Faktury i dokumenty ksi\u0119gowe wystawiane s\u0105 z wykorzystaniem systemu Fakturownia.pl Faktury przekazywane s\u0105 do biura rachunkowego&nbsp;Mariola Jurak Biuro Rachunkowe EMTAX, kt\u00f3re prowadzi nasz\u0105 ksi\u0119gowo\u015b\u0107.<\/p>\n\n\n\n<p>Zam\u00f3wienia s\u0105 r\u00f3wnie\u017c rejestrowane w naszej wewn\u0119trznej bazie w celach archiwalnych i statystycznych.<\/p>\n\n\n\n<p>Dane o zam\u00f3wieniach b\u0119d\u0105 przetwarzane przez czas niezb\u0119dny do realizacji zam\u00f3wienia, a nast\u0119pnie do czasu up\u0142ywu terminu przedawnienia roszcze\u0144 z tytu\u0142u zawartej umowy. Ponadto, po up\u0142ywie tego terminu, dane nadal mog\u0105 by\u0107 przez nas przetwarzane w celach statystycznych. Pami\u0119taj r\u00f3wnie\u017c, \u017ce mamy obowi\u0105zek przechowywa\u0107 faktury z Twoimi danymi osobowymi przez okres 5 lat od ko\u0144ca roku podatkowego, w kt\u00f3rym powsta\u0142 obowi\u0105zek podatkowy.<\/p>\n\n\n\n<p>W przypadku danych o zam\u00f3wieniach nie masz mo\u017cliwo\u015bci sprostowania tych danych po realizacji zam\u00f3wienia. Nie mo\u017cesz r\u00f3wnie\u017c sprzeciwi\u0107 si\u0119 przetwarzaniu danych oraz domaga\u0107 si\u0119 usuni\u0119cia danych do czasu up\u0142ywu terminu przedawnienia roszcze\u0144 z tytu\u0142u zawartej umowy. Podobnie, nie mo\u017cesz sprzeciwi\u0107 si\u0119 przetwarzaniu danych oraz domaga\u0107 si\u0119 usuni\u0119cia danych zawartych w fakturach. Po up\u0142ywie terminu przedawnienia roszcze\u0144 z tytu\u0142u zawartej umowy mo\u017cesz jednak sprzeciwi\u0107 si\u0119 przetwarzaniu przez nas Twoich danych w celach statystycznych, jak r\u00f3wnie\u017c domaga\u0107 si\u0119 usuni\u0119cia Twoich danych z naszej bazy.<\/p>\n\n\n\n<p>W stosunku do danych o zam\u00f3wieniach przys\u0142uguje Ci r\u00f3wnie\u017c prawo do przenoszenia danych, o kt\u00f3rym mowa w art. 20 RODO.<\/p>\n\n\n\n<p><strong>Newsletter<\/strong>. Je\u017celi chcesz zapisa\u0107 si\u0119 do newslettera, musisz przekaza\u0107 nam sw\u00f3j adres e-mail za po\u015brednictwem formularza zapisu do newslettera lub wyrazi\u0107 odr\u0119bn\u0105 zgod\u0119 w procesie sk\u0142adania zam\u00f3wienia.<\/p>\n\n\n\n<p>Dane przekazane nam podczas zapisu do newslettera wykorzystywane s\u0105 w celu przesy\u0142ania Ci newslettera, a podstaw\u0105 prawn\u0105 ich przetwarzania jest Twoja zgoda (art. 6 ust. 1 lit. a RODO) wyra\u017cona podczas zapisywania si\u0119 do newslettera.<\/p>\n\n\n\n<p>Dane przetwarzane s\u0105 w ramach systemu mailingowego Getall i Getresponse.<\/p>\n\n\n\n<p>Dane b\u0119d\u0105 przetwarzane przez czas funkcjonowania newslettera, chyba \u017ce wcze\u015bniej zrezygnujesz z jego otrzymywania, co spowoduje usuni\u0119cie Twoich danych z bazy.<\/p>\n\n\n\n<p>W ka\u017cdej chwili mo\u017cesz sprostowa\u0107 swoje dane zapisane w bazie newsletterowej, jak r\u00f3wnie\u017c za\u017c\u0105da\u0107 ich usuni\u0119cia, rezygnuj\u0105c z otrzymywania newslettera. Przys\u0142uguje Ci r\u00f3wnie\u017c prawo do przenoszenia danych, o kt\u00f3rym mowa w art. 20 RODO.<\/p>\n\n\n\n<p><strong>Reklamacje i odst\u0105pienie od umowy<\/strong>. Je\u017celi sk\u0142adasz reklamacj\u0119 lub odst\u0119pujesz od umowy, to przekazujesz nam dane osobowe zawarte w tre\u015bci reklamacji lub o\u015bwiadczeniu o odst\u0105pieniu od umowy, kt\u00f3re obejmuje imi\u0119 i nazwisko, adres zamieszkania, numer telefonu, adres e-mail, numer rachunku bankowego.<\/p>\n\n\n\n<p>Dane przekazane nam w zwi\u0105zku ze z\u0142o\u017ceniem reklamacji lub odst\u0105pieniem od umowy wykorzystywane s\u0105 w celu realizacji procedury reklamacyjnej lub procedury odst\u0105pienia od umowy (art. 6 ust. 1 lit. c RODO).<\/p>\n\n\n\n<p>Dane b\u0119d\u0105 przetwarzane przez czas niezb\u0119dny do realizacji procedury reklamacyjnej lub procedury odst\u0105pienia. Reklamacje oraz o\u015bwiadczenia o odst\u0105pieniu od umowy mog\u0105 by\u0107 ponadto archiwizowane w celach statystycznych.<\/p>\n\n\n\n<p>W przypadku danych zawartych w reklamacjach oraz o\u015bwiadczeniach o odst\u0105pieniu od umowy nie masz mo\u017cliwo\u015bci sprostowania tych danych. Nie mo\u017cesz r\u00f3wnie\u017c sprzeciwi\u0107 si\u0119 przetwarzaniu danych oraz domaga\u0107 si\u0119 usuni\u0119cia danych do czasu up\u0142ywu terminu przedawnienia roszcze\u0144 z tytu\u0142u zawartej umowy. Po up\u0142ywie terminu przedawnienia roszcze\u0144 z tytu\u0142u zawartej umowy mo\u017cesz jednak sprzeciwi\u0107 si\u0119 przetwarzaniu przez nas Twoich danych w celach statystycznych, jak r\u00f3wnie\u017c domaga\u0107 si\u0119 usuni\u0119cia Twoich danych z naszej bazy.<\/p>\n\n\n\n<p><strong>Kontakt e-mailowy<\/strong>. Kontaktuj\u0105c si\u0119 z nami za po\u015brednictwem poczty elektronicznej, w tym r\u00f3wnie\u017c przesy\u0142aj\u0105c zapytanie poprzez formularz kontaktowy, w spos\u00f3b naturalny przekazujesz nam sw\u00f3j adres e-mail jako adres nadawcy wiadomo\u015bci. Ponadto, w tre\u015bci wiadomo\u015bci mo\u017cesz zawrze\u0107 r\u00f3wnie\u017c inne dane osobowe.<\/p>\n\n\n\n<p>Twoje dane s\u0105 w tym przypadku przetwarzane w celu kontaktu z Tob\u0105, a podstaw\u0105 przetwarzania jest art. 6 ust. 1 lit. f RODO, czyli prawnie uzasadniony interes administratora polegaj\u0105cy na udzieleniu odpowiedzi na Twoj\u0105 wiadomo\u015b\u0107. Podstaw\u0105 prawn\u0105 przetwarzania po zako\u0144czeniu kontaktu jest prawnie uzasadniony interes administratora polegaj\u0105cy na archiwizacji korespondencji na potrzeby wewn\u0119trzne (art. 6 ust. 1 lit. f RODO).<\/p>\n\n\n\n<p>Tre\u015b\u0107 korespondencji mo\u017ce podlega\u0107 archiwizacji. Masz prawo do domagania si\u0119 przedstawienia historii korespondencji, jak\u0105 z nami prowadzi\u0142e\u015b (je\u017celi podlega\u0142a archiwizacji), jak r\u00f3wnie\u017c domaga\u0107 si\u0119 jej usuni\u0119cia, chyba \u017ce jej archiwizacja jest uzasadniona z uwagi na nasze nadrz\u0119dne interesy, np. obrona przed potencjalnymi roszczeniami.<\/p>\n\n\n\n<p><strong>Pliki cookies i inne technologie \u015bledz\u0105ce<\/strong><\/p>\n\n\n\n<p>Nasza strona, podobnie jak niemal wszystkie inne strony internetowe, wykorzystuje pliki cookies, by zapewni\u0107 Ci najlepsze do\u015bwiadczenia zwi\u0105zane z korzystaniem z niej.<\/p>\n\n\n\n<p>Cookies to niewielkie informacje tekstowe, przechowywane na Twoim urz\u0105dzeniu ko\u0144cowym (np. komputerze, tablecie, smartfonie), kt\u00f3re mog\u0105 by\u0107 odczytywane przez nasz system teleinformatyczny.<\/p>\n\n\n\n<p>Wi\u0119cej szczeg\u00f3\u0142\u00f3w znajdziesz poni\u017cej.<\/p>\n\n\n\n<p><strong>Zgoda na cookies<\/strong>. Podczas pierwszej wizyty na stronie&nbsp;<a href=\"https:\/\/akademia.pl\/\">https:\/\/gramaway.pl\/<\/a>&nbsp;wy\u015bwietlana jest Ci informacja na temat stosowania plik\u00f3w cookies wraz z pytaniem o zgod\u0119 na wykorzystywanie plik\u00f3w cookies. Dzi\u0119ki specjalnemu narz\u0119dziu masz mo\u017cliwo\u015b\u0107 zarz\u0105dzania plikami cookies z poziomu strony. Ponadto, zawsze mo\u017cesz zmieni\u0107 ustawienia cookies z poziomu swojej przegl\u0105darki albo w og\u00f3le usun\u0105\u0107 pliki cookies. Pami\u0119taj jednak, \u017ce wy\u0142\u0105czenie plik\u00f3w cookies mo\u017ce powodowa\u0107 trudno\u015bci w korzystaniu ze strony, jak r\u00f3wnie\u017c z wielu innych stron internetowych, kt\u00f3re stosuj\u0105 cookies.<\/p>\n\n\n\n<p><strong>Cookies podmiot\u00f3w trzecich<\/strong>. Nasza strona, podobnie jak wi\u0119kszo\u015b\u0107 wsp\u00f3\u0142czesnych stron internetowych, wykorzystuje funkcje zapewniane przez podmioty trzecie, co wi\u0105\u017ce si\u0119 z wykorzystywaniem plik\u00f3w cookies pochodz\u0105cych od podmiot\u00f3w trzecich. Wykorzystanie tego rodzaju plik\u00f3w cookies zosta\u0142o opisane poni\u017cej.<\/p>\n\n\n\n<p><strong>Analiza i statystyka<\/strong>. Wykorzystujemy cookies do \u015bledzenia statystyk strony, takich jak liczba os\u00f3b odwiedzaj\u0105cych, rodzaj systemu operacyjnego i przegl\u0105darki internetowej wykorzystywanej do przegl\u0105dania strony, czas sp\u0119dzony na stronie, odwiedzone podstrony etc. Korzystamy w tym zakresie z Google Analytics, co wi\u0105\u017ce si\u0119 z wykorzystaniem plik\u00f3w cookies firmy Google LLC. W ramach mechanizmu do zarz\u0105dzania ustawieniami plik\u00f3w cookies masz mo\u017cliwo\u015b\u0107 zadecydowania, czy wyra\u017casz zgod\u0119 na korzystanie przez nas w Twoim przypadku z cookies analitycznych, czy nie.<\/p>\n\n\n\n<p><strong>Marketing<\/strong>. Korzystamy z narz\u0119dzi marketingowych, takich jak Facebook Pixel, by kierowa\u0107 do Ciebie reklamy. Wi\u0105\u017ce si\u0119 to z wykorzystywaniem plik\u00f3w cookies firmy Facebook. W ramach ustawie\u0144 plik\u00f3w cookies mo\u017cesz zadecydowa\u0107, czy wyra\u017casz zgod\u0119 na korzystanie przez nas w Twoim przypadku z cookies marketingowych, czy nie.<\/p>\n\n\n\n<p><strong>Narz\u0119dzia spo\u0142eczno\u015bciowe<\/strong>. Zapewniamy mo\u017cliwo\u015b\u0107 korzystania z funkcji spo\u0142eczno\u015bciowych, takich jak udost\u0119pnianie tre\u015bci w serwisach spo\u0142eczno\u015bciowych oraz subskrypcja profilu spo\u0142eczno\u015bciowego. Korzystanie z tych funkcji wi\u0105\u017ce si\u0119 z wykorzystywaniem plik\u00f3w cookies administrator\u00f3w serwis\u00f3w spo\u0142eczno\u015bciowych takich jak Facebook.<\/p>\n\n\n\n<p>Osadzamy na stronie nagrania wideo z serwisu YouTube. Gdy odtwarzasz takie nagrania, wykorzystywane s\u0105 pliki cookies firmy Google LLC dotycz\u0105ce us\u0142ugi YouTube.<\/p>\n\n\n\n<p><strong>Logi serwera<\/strong><\/p>\n\n\n\n<p>Korzystanie ze strony wi\u0105\u017ce si\u0119 z przesy\u0142aniem zapyta\u0144 do serwera, na kt\u00f3rym przechowywana jest strona. Ka\u017cde zapytanie skierowane do serwera zapisywane jest w logach serwera.<\/p>\n\n\n\n<p>Logi obejmuj\u0105 m.in. Tw\u00f3j adres IP, dat\u0119 i czas serwera, informacje o przegl\u0105darce internetowej i systemie operacyjnym z jakiego korzystasz. Logi zapisywane i przechowywane s\u0105 na serwerze.<\/p>\n\n\n\n<p>Dane zapisane w logach serwera nie s\u0105 kojarzone z konkretnymi osobami korzystaj\u0105cymi ze strony i nie s\u0105 wykorzystywane przez nas w celu Twojej identyfikacji.<\/p>\n\n\n\n<p>Logi serwera stanowi\u0105 wy\u0142\u0105cznie materia\u0142 pomocniczy s\u0142u\u017c\u0105cy do administrowania stron\u0105, a ich zawarto\u015b\u0107 nie jest ujawniana nikomu poza osobami upowa\u017cnionymi do administrowania serwerem.<\/p>\n\n\n\n<p><\/p>\n\n\n\n<p><\/p>\n","protected":false},"excerpt":{"rendered":"<p>Poni\u017cszy dokument&nbsp;okre\u015bla zasady przetwarzania danych osobowych oraz wykorzystywania plik\u00f3w cookies w zwi\u0105zku z korzystaniem ze stronie internetowej&nbsp;https:\/\/gramaway.pl, oraz jej domenach przyporz\u0105dkowanych:&nbsp;https:\/\/lm.gramaway.pl,&nbsp;https:\/\/sklep.gramaway.pl, Administratorem strony jest firma Budiremo Agnieszka Caban, 21-025 Niemce, Wola Niemiecka 78A, NIP: 713-297-09-11, REGON: 061688813 W razie jakichkolwiek w\u0105tpliwo\u015bci zwi\u0105zanych z polityk\u0105 prywatno\u015bci, w ka\u017cdej chwili mo\u017cesz skontaktowa\u0107 si\u0119 z nami, wysy\u0142aj\u0105c wiadomo\u015b\u0107 [&hellip;]<\/p>\n","protected":false},"author":1,"featured_media":0,"parent":0,"menu_order":0,"comment_status":"closed","ping_status":"closed","template":"","meta":{"_et_pb_use_builder":"","_et_pb_old_content":"","_et_gb_content_width":""},"_links":{"self":[{"href":"https:\/\/sklep.gramaway.pl\/index.php?rest_route=\/wp\/v2\/pages\/3"}],"collection":[{"href":"https:\/\/sklep.gramaway.pl\/index.php?rest_route=\/wp\/v2\/pages"}],"about":[{"href":"https:\/\/sklep.gramaway.pl\/index.php?rest_route=\/wp\/v2\/types\/page"}],"author":[{"embeddable":true,"href":"https:\/\/sklep.gramaway.pl\/index.php?rest_route=\/wp\/v2\/users\/1"}],"replies":[{"embeddable":true,"href":"https:\/\/sklep.gramaway.pl\/index.php?rest_route=%2Fwp%2Fv2%2Fcomments&post=3"}],"version-history":[{"count":2,"href":"https:\/\/sklep.gramaway.pl\/index.php?rest_route=\/wp\/v2\/pages\/3\/revisions"}],"predecessor-version":[{"id":149,"href":"https:\/\/sklep.gramaway.pl\/index.php?rest_route=\/wp\/v2\/pages\/3\/revisions\/149"}],"wp:attachment":[{"href":"https:\/\/sklep.gramaway.pl\/index.php?rest_route=%2Fwp%2Fv2%2Fmedia&parent=3"}],"curies":[{"name":"wp","href":"https:\/\/api.w.org\/{rel}","templated":true}]}}